{"id":3,"date":"2025-05-16T08:09:04","date_gmt":"2025-05-16T08:09:04","guid":{"rendered":"http:\/\/labtech-erhverv.dk.linux5.unoeuro-server.com\/?page_id=3"},"modified":"2025-05-20T18:56:16","modified_gmt":"2025-05-20T18:56:16","slug":"privacy-policy","status":"publish","type":"page","link":"https:\/\/labtech-erhverv.dk\/?page_id=3","title":{"rendered":"Privacy Policy"},"content":{"rendered":"\t\t<div data-elementor-type=\"wp-page\" data-elementor-id=\"3\" class=\"elementor elementor-3\" data-elementor-post-type=\"page\">\n\t\t\t\t<div class=\"aux-parallax-section elementor-element elementor-element-bab2608 e-flex e-con-boxed e-con e-parent\" data-id=\"bab2608\" data-element_type=\"container\">\n\t\t\t\t\t<div class=\"e-con-inner\">\n\t\t\t\t<div class=\"elementor-element elementor-element-a94fd31 aux-appear-watch-animation aux-fade-in-up-1 elementor-widget elementor-widget-aux_modern_heading\" data-id=\"a94fd31\" data-element_type=\"widget\" data-widget_type=\"aux_modern_heading.default\">\n\t\t\t\t<div class=\"elementor-widget-container\">\n\t\t\t\t\t<section class=\"aux-widget-modern-heading\">\n            <div class=\"aux-widget-inner\"><h3 class=\"aux-modern-heading-primary\">Privacy policy<\/h3><\/div>\n        <\/section>\t\t\t\t<\/div>\n\t\t\t\t<\/div>\n\t\t\t\t\t<\/div>\n\t\t\t\t<\/div>\n\t\t<div class=\"aux-parallax-section elementor-element elementor-element-6ede28de e-flex e-con-boxed e-con e-parent\" data-id=\"6ede28de\" data-element_type=\"container\">\n\t\t\t\t\t<div class=\"e-con-inner\">\n\t\t\t\t<div class=\"elementor-element elementor-element-573287f4 elementor-widget elementor-widget-text-editor\" data-id=\"573287f4\" data-element_type=\"widget\" data-widget_type=\"text-editor.default\">\n\t\t\t\t<div class=\"elementor-widget-container\">\n\t\t\t\t\t\t\t\t\t<h2 class=\"wp-block-heading\">Generel information<\/h2>\n<p>If\u00f8lge Lov om behandling af personoplysninger (Persondataloven), Direktiv 95\/46\/EC (Databeskyttelsesdirektivet)<br \/>og Forordning 2016\/679 (EU-Databeskyttelsesforordningen), har du ret til at blive<br \/>informeret om, hvilke personoplysninger vi, Labtech Data A\/S CVR 21113786, indsamler og behandler.<br \/>Personoplysninger er enhver form for information om en identificeret eller identificerbar fysisk person.<br \/>Det vil sige, at det er alle former for oplysninger, der direkte eller indirekte kan knytte sig til en<br \/>person. Det kan f.eks. v\u00e6re navn, adresse, telefonnummer eller IP-adresser.<br \/>N\u00e5r vi indsamler personoplysninger om dig, sikrer vi altid, at dette sker p\u00e5 en klar og tydelig m\u00e5de,<br \/>s\u00e5 du er bekendt med, hvilke former for oplysninger, der indsamles og hvorfor oplysningerne indsamles.<br \/>Oplysningerne behandles fortroligt og videregives kun til vores samarbejdspartnere og koncernforbundne<br \/>selskaber, hvis det har et n\u00f8dvendigt form\u00e5l, eller offentlige myndigheder, hvor dette er<br \/>lovbestemt.<br \/>Med henblik p\u00e5 at sikre at dine persondata behandles i overensstemmelse med lovgivningen er<br \/>Labtech Data A\/S defineret som den dataansvarlige, der indsamler dine data. Hvis du har sp\u00f8rgsm\u00e5l<br \/>ang\u00e5ende disse vilk\u00e5r eller tilsvarende, er du altid velkommen til at kontakte os:<\/p>\n<p>Labtech Data A\/S<br \/>CVR 21113786<br \/>Anker Engelunds Vej 10<br \/>9200 Aalborg SV<br \/>GDPR@labtech.dk<\/p>\n<h2 class=\"wp-block-heading\">Samtykke<\/h2>\n<p class=\"has-text-align-left\">N\u00e5r du k\u00f8ber varer eller serviceydelser (b\u00e5de i fysiske butikker, pr. telefon eller online) hos os, eller<br \/>browser p\u00e5 vores hjemmeside, giver du samtykke til, at dine personlige oplysninger indsamles, og<br \/>du accepterer derved disse vilk\u00e5r.<br \/>Du har til enhver tid mulighed for at tr\u00e6kke dit samtykke tilbage ved at rette henvendelse til os pr.<br \/>post til adressen Labtech Data A\/S, Anker Engelunds Vej 10, 9200 Aalborg SV eller pr. e-mail<br \/>GDPR@labtech.dk.<br \/><br \/>S\u00e5fremt du v\u00e6lger at tilbagetage dit samtykke, skal du v\u00e6re opm\u00e6rksom p\u00e5, at det muligvis kan<br \/>medf\u00f8re indskr\u00e6nkninger i de services vi kan tilbyde, f.eks. fremsendelse af nyhedsbreve.<br \/>Du skal endvidere v\u00e6re opm\u00e6rksom p\u00e5, at vi i nogle tilf\u00e6lde vil v\u00e6re berettiget til at forts\u00e6tte behandlingen<br \/>af dine oplysninger, selvom du tr\u00e6kker dit samtykke tilbage, og den behandling, som<br \/>baseres p\u00e5 samtykket, udl\u00f8ber. Hovedsageligt behandler vi dine oplysninger for at opfylde en aftale,<br \/>som du er en part i, og for at overholde g\u00e6ldende lovgivning, herunder bogf\u00f8ringsloven og<br \/>hvidvaskningsloven.<\/p>\n<h3 class=\"wp-block-heading\">Hvorn\u00e5r indsamler vi personoplysninger<\/h3>\n<p>Vi registrerer og gemmer de oplysninger, du giver til os, n\u00e5r du indg\u00e5r en aftale med os, hvad enten<br \/>dette sker fysisk, online, via post eller telefon. Vi registrerer hermed dine oplysninger i forbindelse<br \/>med det ene form\u00e5l at levere en vare eller ydelse og for at overholde g\u00e6ldende lovgivning.<br \/>Vi indsamler derfor personoplysninger p\u00e5 f\u00f8lgende m\u00e5de:<\/p>\n<ul class=\"wp-block-list\">\n<li>N\u00e5r du k\u00f8ber varer eller serviceydelser (b\u00e5de fysisk, online, via post eller telefon),<\/li>\n<li>N\u00e5r du bestiller kataloger eller tilmelder dig vores nyhedsbrev,<\/li>\n<li>N\u00e5r du interagerer med os, f.eks. n\u00e5r du fremsender e-mails, og<\/li>\n<li>N\u00e5r du deltager i konkurrencer.<\/li>\n<\/ul>\n<p>Vi bruger herudover videooverv\u00e5gning i vores butikker, hvilket er for at sikre tryghed for vores<br \/>medarbejdere og for at forebygge kriminalitet.<\/p>\n<h3 class=\"wp-block-heading\">Form\u00e5l med indsamling<\/h3>\n<p>Vi bruger de oplysninger, vi indsamler til at drive vores forretning, levere og udvikle kvaliteten i vores<br \/>produkter og g\u00f8re din oplevelse bedre, n\u00e5r du handler eller interagerer med os.<br \/>Vi bruger de oplysninger, vi indsamler til f\u00f8lgende:<\/p>\n<ul class=\"wp-block-list\">\n<li>Behandling af dit k\u00f8b og levering af dine varer eller tjenesteydelser,<\/li>\n<li>Servicering og r\u00e5dgivning af dig,<\/li>\n<li>Interaktion med dig,<\/li>\n<li>Fremsendelse af nyhedsbreve eller kataloger, s\u00e5fremt der er givet samtykke hertil<\/li>\n<li>Orientering om udfaldet af en konkurrence,<\/li>\n<li>Markedsf\u00f8ring, samt<\/li>\n<li>Opfyldelse af lovkrav.<\/li>\n<\/ul>\n<h3 class=\"wp-block-heading\">Opbevaring af persondata<\/h3>\n<p>N\u00e5r du k\u00f8ber varer eller serviceydelser hos os, vil vi som udgangspunkt opbevare dine personoplysninger<br \/>i 5 \u00e5r + l\u00f8bende \u00e5r i henhold til reglerne i bogf\u00f8ringsloven. Oplysningerne kan dog i nogle<br \/>tilf\u00e6lde opbevares l\u00e6ngere, hvis det er n\u00f8dvendigt for at overholde juridiske forpligtelser eller for<br \/>at h\u00e5ndh\u00e6ve vores aftaler.<br \/>\u00d8vrige oplysninger, der indsamles og behandles, vil ligeledes blive opbevaret i 5 \u00e5r, medmindre<br \/>der best\u00e5r en salgs- eller servicem\u00e6ssig relation mellem dig og os, der i din interesse g\u00f8r det n\u00f8dvendigt<br \/>at opbevare personoplysningerne l\u00e6ngere. Herudover vil de ogs\u00e5 blive opbevaret i en<br \/>l\u00e6ngere periode, s\u00e5fremt det er n\u00f8dvendigt for at overholde juridiske forpligtelser eller h\u00e5ndh\u00e6ve<br \/>vores aftaler.<\/p>\n<h3 class=\"wp-block-heading\">Persondata til tredjeparter<\/h3>\n<p>Vi s\u00e6lger, offentligg\u00f8r eller viderebringer som udgangspunkt ikke dine personoplysninger til en<br \/>tredjepart uden dit samtykke, medmindre det er n\u00f8dvendigt for at fuldf\u00f8re en aftale eller transaktion<br \/>og n\u00f8dvendigt for at sikre overholdelse af g\u00e6ldende dansk lovgivning.<br \/>For at kunne opfylde en aftale, vil det dog v\u00e6re n\u00f8dvendigt at viderebringe dine oplysninger til vores<br \/>samarbejdspartnere for at kunne levere vores varer eller tjenesteydelser til dig.<br \/>Endvidere kan dine personoplysninger blive overf\u00f8rt til koncernforbundne selskaber.<br \/>Som dataansvarlig, er det vores ansvar at sikre, at dine personoplysninger ikke bliver misbrugt, og<br \/>vi stiller derfor h\u00f8je krav til vores samarbejdspartnere, for at sikre os mod misbrug af oplysningerne.<\/p>\n<h3 class=\"wp-block-heading\">Automatiske afg\u00f8relser<\/h3>\n<p>Der vil som udgangspunkt ikke blive truffet automatiske afg\u00f8relser, n\u00e5r du handler med os. N\u00e5r vi<br \/>giver kredit eller du optager et l\u00e5n igennem en af vores samarbejdspartnere, vil der dog ske en<br \/>automatiseret afg\u00f8relse, hvor der uden menneskelig indblanding vil blive taget stilling til, hvorvidt vi<br \/>kan yde kredit, eller du kan optage et l\u00e5n.<\/p>\n<h2 class=\"wp-block-heading\">Cookies<\/h2>\n<p>Cookies er sm\u00e5 tekstfiler, der giver mulighed for at lagre oplysninger, og som indeholder bogstaver<br \/>og tal som gemmes p\u00e5 din computer. Disse cookies g\u00f8r det muligt at indsamle information om,<br \/>hvilke sider og funktioner du anvender og bes\u00f8ger. Du kan l\u00e6se mere om, hvilke cookies vi anvender,<br \/>form\u00e5let med indsamlingen og hvordan du kan slette eller afvise dem i vores cookie politik,<br \/>der kan findes her: www.labtech.dk\/cookie.<\/p>\n<h2 class=\"wp-block-heading\">Dine rettigheder<\/h2>\n<p>Som kunde hos os kan du ved foresp\u00f8rgsel til GDPR@labtech.dk f\u00e5 indsigt i, hvilke oplysninger vi<br \/>har behandlet om dig, hvor de stammer fra, og hvad vi anvender dem til. Du kan ogs\u00e5 f\u00e5 oplyst,<br \/>hvor l\u00e6nge vi opbevarer dine data, og hvem, der modtager data om dig. Adgangen kan dog v\u00e6re<br \/>begr\u00e6nset af hensyn til andre personers privatlivsbeskyttelse, forretningshemmeligheder og immaterielle<br \/>rettigheder.<br \/>Hvis oplysningerne er forkerte, ufuldst\u00e6ndige eller irrelevante, har du ret til at f\u00e5 oplysningerne<br \/>rettet eller slettet.<\/p>\n<h2 class=\"wp-block-heading\">Klage<\/h2>\n<p>Du har mulighed for at klage over vores behandling af dine oplysninger. Klage skal indgives til:<br \/>Datatilsynet<br \/>Borgergade 28, 5<br \/>1300 K\u00f8benhavn K<\/p>\t\t\t\t\t\t\t\t<\/div>\n\t\t\t\t<\/div>\n\t\t\t\t\t<\/div>\n\t\t\t\t<\/div>\n\t\t\t\t<\/div>\n\t\t","protected":false},"excerpt":{"rendered":"<p>Privacy policy Generel information If\u00f8lge Lov om behandling af personoplysninger (Persondataloven), Direktiv 95\/46\/EC (Databeskyttelsesdirektivet)og Forordning 2016\/679 (EU-Databeskyttelsesforordningen), har du ret til at bliveinformeret om, hvilke personoplysninger vi, Labtech Data A\/S CVR 21113786, indsamler og behandler.Personoplysninger er enhver form for information om en identificeret eller identificerbar fysisk person.Det vil sige, at det er alle former for [&hellip;]<\/p>\n","protected":false},"author":1,"featured_media":0,"parent":0,"menu_order":0,"comment_status":"closed","ping_status":"open","template":"","meta":{"inline_featured_image":false,"footnotes":""},"class_list":["post-3","page","type-page","status-publish","hentry"],"_links":{"self":[{"href":"https:\/\/labtech-erhverv.dk\/index.php?rest_route=\/wp\/v2\/pages\/3","targetHints":{"allow":["GET"]}}],"collection":[{"href":"https:\/\/labtech-erhverv.dk\/index.php?rest_route=\/wp\/v2\/pages"}],"about":[{"href":"https:\/\/labtech-erhverv.dk\/index.php?rest_route=\/wp\/v2\/types\/page"}],"author":[{"embeddable":true,"href":"https:\/\/labtech-erhverv.dk\/index.php?rest_route=\/wp\/v2\/users\/1"}],"replies":[{"embeddable":true,"href":"https:\/\/labtech-erhverv.dk\/index.php?rest_route=%2Fwp%2Fv2%2Fcomments&post=3"}],"version-history":[{"count":3,"href":"https:\/\/labtech-erhverv.dk\/index.php?rest_route=\/wp\/v2\/pages\/3\/revisions"}],"predecessor-version":[{"id":390,"href":"https:\/\/labtech-erhverv.dk\/index.php?rest_route=\/wp\/v2\/pages\/3\/revisions\/390"}],"wp:attachment":[{"href":"https:\/\/labtech-erhverv.dk\/index.php?rest_route=%2Fwp%2Fv2%2Fmedia&parent=3"}],"curies":[{"name":"wp","href":"https:\/\/api.w.org\/{rel}","templated":true}]}}